{"id":278,"date":"2016-07-02T09:40:47","date_gmt":"2016-07-02T07:40:47","guid":{"rendered":"http:\/\/beschriftung-profi.de\/?page_id=278"},"modified":"2017-07-23T06:43:29","modified_gmt":"2017-07-23T04:43:29","slug":"der-perfekte-untergrund","status":"publish","type":"page","link":"http:\/\/beschriftung-profi.de\/?page_id=278","title":{"rendered":"Der perfekte Untergrund"},"content":{"rendered":"<div class=\"page\" title=\"Page 1\">\n<div class=\"layoutArea\">\n<div class=\"column\">\n<p>Ein perfekter Untergrund f\u00fcr Beschriftungen aller Art sollte nach M\u00f6glichkeit glatt und sauber und fettfrei sein. Bei einem Fahrzeug reicht oft schon eine Autow\u00e4sche, um den perfekten Untergrund f\u00fcr die Beklebung herzustellen. Sollten sich nach noch Dreckstellen auf dem Lack be- finden, k\u00f6nnen diese mit einem l\u00f6sungsmittelfreien Reiniger entfernt werden. Wenn das Fahrzeug jetzt noch frei von Wasserr\u00fcckst\u00e4nden ist, kann mit der Beklebung begonnen werden.<\/p>\n<\/div>\n<\/div>\n<\/div>\n","protected":false},"excerpt":{"rendered":"<p>Ein perfekter Untergrund f\u00fcr Beschriftungen aller Art sollte nach M\u00f6glichkeit glatt und sauber und fettfrei sein. Bei einem Fahrzeug reicht<\/p>\n","protected":false},"author":1,"featured_media":0,"parent":0,"menu_order":0,"comment_status":"closed","ping_status":"closed","template":"","meta":{"footnotes":""},"_links":{"self":[{"href":"http:\/\/beschriftung-profi.de\/index.php?rest_route=\/wp\/v2\/pages\/278"}],"collection":[{"href":"http:\/\/beschriftung-profi.de\/index.php?rest_route=\/wp\/v2\/pages"}],"about":[{"href":"http:\/\/beschriftung-profi.de\/index.php?rest_route=\/wp\/v2\/types\/page"}],"author":[{"embeddable":true,"href":"http:\/\/beschriftung-profi.de\/index.php?rest_route=\/wp\/v2\/users\/1"}],"replies":[{"embeddable":true,"href":"http:\/\/beschriftung-profi.de\/index.php?rest_route=%2Fwp%2Fv2%2Fcomments&post=278"}],"version-history":[{"count":3,"href":"http:\/\/beschriftung-profi.de\/index.php?rest_route=\/wp\/v2\/pages\/278\/revisions"}],"predecessor-version":[{"id":356,"href":"http:\/\/beschriftung-profi.de\/index.php?rest_route=\/wp\/v2\/pages\/278\/revisions\/356"}],"wp:attachment":[{"href":"http:\/\/beschriftung-profi.de\/index.php?rest_route=%2Fwp%2Fv2%2Fmedia&parent=278"}],"curies":[{"name":"wp","href":"https:\/\/api.w.org\/{rel}","templated":true}]}}