{"id":282,"date":"2016-07-02T09:41:33","date_gmt":"2016-07-02T07:41:33","guid":{"rendered":"http:\/\/beschriftung-profi.de\/?page_id=282"},"modified":"2017-07-23T06:43:51","modified_gmt":"2017-07-23T04:43:51","slug":"kunststoff-alu-co","status":"publish","type":"page","link":"http:\/\/beschriftung-profi.de\/?page_id=282","title":{"rendered":"Kunststoff, Alu &#038; Co."},"content":{"rendered":"<div class=\"page\" title=\"Page 1\">\n<div class=\"layoutArea\">\n<div class=\"column\">\n<p>Kunststoff, Aluminium, Plexiglas, (Echt-)Glas oder andere Materialien k\u00f6nnen mit einer Beschriftung versehen werden. Grunds\u00e4tzlich ist zu beachten, dass die Oberfl\u00e4chen glatt, sauber und fettfrei sind. Ansonsten sind sie wie oben beschrieben (Der perfekte Untergrund) zu reinigen.<\/p>\n<\/div>\n<\/div>\n<\/div>\n","protected":false},"excerpt":{"rendered":"<p>Kunststoff, Aluminium, Plexiglas, (Echt-)Glas oder andere Materialien k\u00f6nnen mit einer Beschriftung versehen werden. Grunds\u00e4tzlich ist zu beachten, dass die Oberfl\u00e4chen<\/p>\n","protected":false},"author":1,"featured_media":0,"parent":0,"menu_order":0,"comment_status":"closed","ping_status":"closed","template":"","meta":{"footnotes":""},"_links":{"self":[{"href":"http:\/\/beschriftung-profi.de\/index.php?rest_route=\/wp\/v2\/pages\/282"}],"collection":[{"href":"http:\/\/beschriftung-profi.de\/index.php?rest_route=\/wp\/v2\/pages"}],"about":[{"href":"http:\/\/beschriftung-profi.de\/index.php?rest_route=\/wp\/v2\/types\/page"}],"author":[{"embeddable":true,"href":"http:\/\/beschriftung-profi.de\/index.php?rest_route=\/wp\/v2\/users\/1"}],"replies":[{"embeddable":true,"href":"http:\/\/beschriftung-profi.de\/index.php?rest_route=%2Fwp%2Fv2%2Fcomments&post=282"}],"version-history":[{"count":3,"href":"http:\/\/beschriftung-profi.de\/index.php?rest_route=\/wp\/v2\/pages\/282\/revisions"}],"predecessor-version":[{"id":360,"href":"http:\/\/beschriftung-profi.de\/index.php?rest_route=\/wp\/v2\/pages\/282\/revisions\/360"}],"wp:attachment":[{"href":"http:\/\/beschriftung-profi.de\/index.php?rest_route=%2Fwp%2Fv2%2Fmedia&parent=282"}],"curies":[{"name":"wp","href":"https:\/\/api.w.org\/{rel}","templated":true}]}}