{"id":284,"date":"2016-07-02T09:42:05","date_gmt":"2016-07-02T07:42:05","guid":{"rendered":"http:\/\/beschriftung-profi.de\/?page_id=284"},"modified":"2017-07-23T06:44:03","modified_gmt":"2017-07-23T04:44:03","slug":"folienbeschriftung","status":"publish","type":"page","link":"http:\/\/beschriftung-profi.de\/?page_id=284","title":{"rendered":"Folienbeschriftung"},"content":{"rendered":"<div class=\"page\" title=\"Page 1\">\n<div class=\"layoutArea\">\n<div class=\"column\">\n<p>Die Folienbeschriftung, auch Folienplott genannt, ist noch immer eine der am h\u00e4ufigsten verwendeten Beschriftungsarten. Mittels eines Schneideplotters werden zuvor in den Plotter gelegte Folien geschnitten. Man muss sich das so vorstellen, dass eine scharfe Schneideklinge von oben durch die Folie schneidet, jedoch das Tr\u00e4germaterial unbeschadet l\u00e4sst. Handelt es sich bspw. um einen Buchstaben, in unserem Fall dem \u201eT\u201c, dann werden die Konturen vom Schneidemesser \u201eumkurft\u201c und somit geschnitten. Anschlie\u00dfend wird alles, was nicht zum T geh\u00f6rt und nicht aufgeklebt werden soll, von der Folie entfernt. \u00dcbrig bleibt also nur der Buchstabe T. Im n\u00e4chsten Schritt wird eine soge- nannte Transferfolie von oben auf den Buchstaben T aufgebracht. Jetzt kann die Transferfolie exakt auf dem zu beklebenden Objekt (zum Beispiel eine Schaufensterscheibe) ausgerichtet werden und nach dem Abziehen der Klebefolie klebt das T auf dem Schaufenglas. Zum Ab- schluss wird auch noch die Transferfolie entfernt und die Fensterbeklebung ist fertig.<\/p>\n<p>Die Folienbeschriftung kann in den unterschiedlichsten Farben und Formen erfolgen. Dabei spielt es keine Rolle, ob es sich um Standard- oder Sonderschriften, um individuelle Motive und Formen handelt. Der Kreativit\u00e4t an Motiven und Formen sind keine Grnezen gesetzt.<\/p>\n<\/div>\n<\/div>\n<\/div>\n","protected":false},"excerpt":{"rendered":"<p>Die Folienbeschriftung, auch Folienplott genannt, ist noch immer eine der am h\u00e4ufigsten verwendeten Beschriftungsarten. Mittels eines Schneideplotters werden zuvor in<\/p>\n","protected":false},"author":1,"featured_media":0,"parent":0,"menu_order":0,"comment_status":"closed","ping_status":"closed","template":"","meta":{"footnotes":""},"_links":{"self":[{"href":"http:\/\/beschriftung-profi.de\/index.php?rest_route=\/wp\/v2\/pages\/284"}],"collection":[{"href":"http:\/\/beschriftung-profi.de\/index.php?rest_route=\/wp\/v2\/pages"}],"about":[{"href":"http:\/\/beschriftung-profi.de\/index.php?rest_route=\/wp\/v2\/types\/page"}],"author":[{"embeddable":true,"href":"http:\/\/beschriftung-profi.de\/index.php?rest_route=\/wp\/v2\/users\/1"}],"replies":[{"embeddable":true,"href":"http:\/\/beschriftung-profi.de\/index.php?rest_route=%2Fwp%2Fv2%2Fcomments&post=284"}],"version-history":[{"count":3,"href":"http:\/\/beschriftung-profi.de\/index.php?rest_route=\/wp\/v2\/pages\/284\/revisions"}],"predecessor-version":[{"id":362,"href":"http:\/\/beschriftung-profi.de\/index.php?rest_route=\/wp\/v2\/pages\/284\/revisions\/362"}],"wp:attachment":[{"href":"http:\/\/beschriftung-profi.de\/index.php?rest_route=%2Fwp%2Fv2%2Fmedia&parent=284"}],"curies":[{"name":"wp","href":"https:\/\/api.w.org\/{rel}","templated":true}]}}