{"id":290,"date":"2016-07-02T09:43:00","date_gmt":"2016-07-02T07:43:00","guid":{"rendered":"http:\/\/beschriftung-profi.de\/?page_id=290"},"modified":"2017-07-23T06:44:38","modified_gmt":"2017-07-23T04:44:38","slug":"indoor","status":"publish","type":"page","link":"http:\/\/beschriftung-profi.de\/?page_id=290","title":{"rendered":"Indoor"},"content":{"rendered":"<div class=\"page\" title=\"Page 2\">\n<div class=\"layoutArea\">\n<div class=\"column\">\n<p>F\u00fcr den Innenbereich sind die Anforderungen an das Material und die Farbe nicht so hoch wie f\u00fcr den Au\u00dfenbereich. Im Innenbereich gen\u00fc- gen bereits Folien und Farben aus dem preiswerten Preissegment. Trotzdem liegt die Haltbarkeit im Innenbreich ebenso bei bis zu 7 Jahren, wie f\u00fcr den Au\u00dfenbereich. Das gilt f\u00fcr Folienbeschriftungen, Farbbeschriftungen, Folienplotts und auch f\u00fcr das Direktdruckverfahren.<\/p>\n<\/div>\n<\/div>\n<\/div>\n","protected":false},"excerpt":{"rendered":"<p>F\u00fcr den Innenbereich sind die Anforderungen an das Material und die Farbe nicht so hoch wie f\u00fcr den Au\u00dfenbereich. Im<\/p>\n","protected":false},"author":1,"featured_media":0,"parent":0,"menu_order":0,"comment_status":"closed","ping_status":"closed","template":"","meta":{"footnotes":""},"_links":{"self":[{"href":"http:\/\/beschriftung-profi.de\/index.php?rest_route=\/wp\/v2\/pages\/290"}],"collection":[{"href":"http:\/\/beschriftung-profi.de\/index.php?rest_route=\/wp\/v2\/pages"}],"about":[{"href":"http:\/\/beschriftung-profi.de\/index.php?rest_route=\/wp\/v2\/types\/page"}],"author":[{"embeddable":true,"href":"http:\/\/beschriftung-profi.de\/index.php?rest_route=\/wp\/v2\/users\/1"}],"replies":[{"embeddable":true,"href":"http:\/\/beschriftung-profi.de\/index.php?rest_route=%2Fwp%2Fv2%2Fcomments&post=290"}],"version-history":[{"count":4,"href":"http:\/\/beschriftung-profi.de\/index.php?rest_route=\/wp\/v2\/pages\/290\/revisions"}],"predecessor-version":[{"id":403,"href":"http:\/\/beschriftung-profi.de\/index.php?rest_route=\/wp\/v2\/pages\/290\/revisions\/403"}],"wp:attachment":[{"href":"http:\/\/beschriftung-profi.de\/index.php?rest_route=%2Fwp%2Fv2%2Fmedia&parent=290"}],"curies":[{"name":"wp","href":"https:\/\/api.w.org\/{rel}","templated":true}]}}