{"id":296,"date":"2016-07-02T09:44:12","date_gmt":"2016-07-02T07:44:12","guid":{"rendered":"http:\/\/beschriftung-profi.de\/?page_id=296"},"modified":"2017-07-23T06:45:11","modified_gmt":"2017-07-23T04:45:11","slug":"kurzfristiges","status":"publish","type":"page","link":"http:\/\/beschriftung-profi.de\/?page_id=296","title":{"rendered":"Kurzfristiges"},"content":{"rendered":"<div class=\"page\" title=\"Page 3\">\n<div class=\"layoutArea\">\n<div class=\"column\">\n<p>Werden lediglich Beschriftungen von kurzer Dauer ben\u00f6tigt (beispielsweise f\u00fcr einen Tag der offenen T\u00fcr oder eine kurzfristige Angebotsaktion), so sind g\u00fcnstige Materialien ausreichend. Das kann bei einer Schaufensterbeschriftung eine sehr d\u00fcnne Folie sein, die hergestellt wird. Geht es um Plakate f\u00fcr den Innen- oder Au\u00dfenbreich, k\u00f6nnen statt Hohlkammerplatten oder Alu-Dobond Verbundplatten auch einfache Pla- kate mit einer st\u00e4rkeren Grammatur verwendet werden.<\/p>\n<p>Bei Beschriftungen am Geb\u00e4ude (vgl. Beschriftungsarten\/Farbbeschriftung) auch k\u00f6nnen alternativ preiswerte Farben zum Einsatz kommen, wenn von vornherein feststeht, dass die Beschriftung nur von kurzer Dauer sein soll.<\/p>\n<\/div>\n<\/div>\n<\/div>\n","protected":false},"excerpt":{"rendered":"<p>Werden lediglich Beschriftungen von kurzer Dauer ben\u00f6tigt (beispielsweise f\u00fcr einen Tag der offenen T\u00fcr oder eine kurzfristige Angebotsaktion), so sind<\/p>\n","protected":false},"author":1,"featured_media":0,"parent":0,"menu_order":0,"comment_status":"closed","ping_status":"closed","template":"","meta":{"footnotes":""},"_links":{"self":[{"href":"http:\/\/beschriftung-profi.de\/index.php?rest_route=\/wp\/v2\/pages\/296"}],"collection":[{"href":"http:\/\/beschriftung-profi.de\/index.php?rest_route=\/wp\/v2\/pages"}],"about":[{"href":"http:\/\/beschriftung-profi.de\/index.php?rest_route=\/wp\/v2\/types\/page"}],"author":[{"embeddable":true,"href":"http:\/\/beschriftung-profi.de\/index.php?rest_route=\/wp\/v2\/users\/1"}],"replies":[{"embeddable":true,"href":"http:\/\/beschriftung-profi.de\/index.php?rest_route=%2Fwp%2Fv2%2Fcomments&post=296"}],"version-history":[{"count":3,"href":"http:\/\/beschriftung-profi.de\/index.php?rest_route=\/wp\/v2\/pages\/296\/revisions"}],"predecessor-version":[{"id":374,"href":"http:\/\/beschriftung-profi.de\/index.php?rest_route=\/wp\/v2\/pages\/296\/revisions\/374"}],"wp:attachment":[{"href":"http:\/\/beschriftung-profi.de\/index.php?rest_route=%2Fwp%2Fv2%2Fmedia&parent=296"}],"curies":[{"name":"wp","href":"https:\/\/api.w.org\/{rel}","templated":true}]}}