{"id":306,"date":"2016-07-02T09:46:53","date_gmt":"2016-07-02T07:46:53","guid":{"rendered":"http:\/\/beschriftung-profi.de\/?page_id=306"},"modified":"2017-07-23T06:45:57","modified_gmt":"2017-07-23T04:45:57","slug":"exklusives-2","status":"publish","type":"page","link":"http:\/\/beschriftung-profi.de\/?page_id=306","title":{"rendered":"Exklusives"},"content":{"rendered":"<div class=\"page\" title=\"Page 3\">\n<div class=\"layoutArea\">\n<div class=\"column\">\n<p>Der Einsatz von Metallschmuckfarben bzw. Metallfolien (gold, silber &#8230;) sorgt f\u00fcr ein exklusives Aussehen der Beschriftung. Kommen jetzt noch individuelle Formen hinzu (Herz, Sterne, Pflanzen, Gl\u00fccksklee usw.), wird die Exklusivit\u00e4t noch verst\u00e4rkt. Das kann bei einer Leuchtwer- beanlage der Fall sein, wenn auf die Leuchthaube ein Stern in Sonderfarbe als 3D-Element aufgesetzt wird. Letztlich sind im Sonderformen- bau nahezu alle Ideen realisierbar.<\/p>\n<\/div>\n<\/div>\n<\/div>\n","protected":false},"excerpt":{"rendered":"<p>Der Einsatz von Metallschmuckfarben bzw. Metallfolien (gold, silber &#8230;) sorgt f\u00fcr ein exklusives Aussehen der Beschriftung. Kommen jetzt noch individuelle<\/p>\n","protected":false},"author":1,"featured_media":0,"parent":0,"menu_order":0,"comment_status":"closed","ping_status":"closed","template":"","meta":{"footnotes":""},"_links":{"self":[{"href":"http:\/\/beschriftung-profi.de\/index.php?rest_route=\/wp\/v2\/pages\/306"}],"collection":[{"href":"http:\/\/beschriftung-profi.de\/index.php?rest_route=\/wp\/v2\/pages"}],"about":[{"href":"http:\/\/beschriftung-profi.de\/index.php?rest_route=\/wp\/v2\/types\/page"}],"author":[{"embeddable":true,"href":"http:\/\/beschriftung-profi.de\/index.php?rest_route=\/wp\/v2\/users\/1"}],"replies":[{"embeddable":true,"href":"http:\/\/beschriftung-profi.de\/index.php?rest_route=%2Fwp%2Fv2%2Fcomments&post=306"}],"version-history":[{"count":3,"href":"http:\/\/beschriftung-profi.de\/index.php?rest_route=\/wp\/v2\/pages\/306\/revisions"}],"predecessor-version":[{"id":382,"href":"http:\/\/beschriftung-profi.de\/index.php?rest_route=\/wp\/v2\/pages\/306\/revisions\/382"}],"wp:attachment":[{"href":"http:\/\/beschriftung-profi.de\/index.php?rest_route=%2Fwp%2Fv2%2Fmedia&parent=306"}],"curies":[{"name":"wp","href":"https:\/\/api.w.org\/{rel}","templated":true}]}}